{"id":29,"date":"2021-02-04T13:34:01","date_gmt":"2021-02-04T13:34:01","guid":{"rendered":"https:\/\/andrinafrutiger.ch\/?page_id=29"},"modified":"2023-11-10T11:03:43","modified_gmt":"2023-11-10T10:03:43","slug":"kontakt","status":"publish","type":"page","link":"https:\/\/andrinafrutiger.ch\/index.php\/kontakt\/","title":{"rendered":"Kontakt"},"content":{"rendered":"\n<div class=\"wp-block-media-text alignwide is-stacked-on-mobile is-vertically-aligned-center\" style=\"grid-template-columns:29% auto\"><figure class=\"wp-block-media-text__media\"><img loading=\"lazy\" decoding=\"async\" width=\"2500\" height=\"2500\" src=\"https:\/\/andrinafrutiger.ch\/wp-content\/uploads\/2021\/02\/20210116-MAMO-Photography-0184-2500px-2.jpg\" alt=\"\" class=\"wp-image-22 size-full\" srcset=\"https:\/\/andrinafrutiger.ch\/wp-content\/uploads\/2021\/02\/20210116-MAMO-Photography-0184-2500px-2.jpg 2500w, https:\/\/andrinafrutiger.ch\/wp-content\/uploads\/2021\/02\/20210116-MAMO-Photography-0184-2500px-2-300x300.jpg 300w, https:\/\/andrinafrutiger.ch\/wp-content\/uploads\/2021\/02\/20210116-MAMO-Photography-0184-2500px-2-1024x1024.jpg 1024w, https:\/\/andrinafrutiger.ch\/wp-content\/uploads\/2021\/02\/20210116-MAMO-Photography-0184-2500px-2-150x150.jpg 150w, https:\/\/andrinafrutiger.ch\/wp-content\/uploads\/2021\/02\/20210116-MAMO-Photography-0184-2500px-2-768x768.jpg 768w, https:\/\/andrinafrutiger.ch\/wp-content\/uploads\/2021\/02\/20210116-MAMO-Photography-0184-2500px-2-1536x1536.jpg 1536w, https:\/\/andrinafrutiger.ch\/wp-content\/uploads\/2021\/02\/20210116-MAMO-Photography-0184-2500px-2-2048x2048.jpg 2048w, https:\/\/andrinafrutiger.ch\/wp-content\/uploads\/2021\/02\/20210116-MAMO-Photography-0184-2500px-2-1568x1568.jpg 1568w\" sizes=\"(max-width: 2500px) 100vw, 2500px\" \/><\/figure><div class=\"wp-block-media-text__content\">\n<p class=\"has-extra-small-font-size\"><strong>Andrina Frutiger<\/strong><br>Aufgewachsen und wohnhaft auf dem B\u00f6deli.<br>Die Ausbildung als Fachfrau Gesundheit bot mir nach der obligatorischen Schule eine lehrreiche Grundausbildung. Nach der Berufsmaturit\u00e4t sowie zahlreichen Jobs im Outdoor-Bereich entschied ich mich f\u00fcr die Ausbildung zur medizinischen Masseurin.<br>Im 2023 konnte ich die Ausbildung zur medizinschen Masseurin mit eidgen\u00f6ssischem Fachausweis abschliessen.\u00a0<br>Nebst meiner T\u00e4tigkeit in der Praxis bin ich Mutter eines Jungen und bewege mich sehr gerne draussen in der Natur.\u00a0<\/p>\n<\/div><\/div>\n\n\n\n<div style=\"height:50px\" aria-hidden=\"true\" class=\"wp-block-spacer\"><\/div>\n\n\n<div class=\"wpforms-container wpforms-container-full wpforms-block\" id=\"wpforms-31\"><form id=\"wpforms-form-31\" class=\"wpforms-validate wpforms-form\" data-formid=\"31\" method=\"post\" enctype=\"multipart\/form-data\" action=\"\/index.php\/wp-json\/wp\/v2\/pages\/29\" data-token=\"033c15a9e244c7479f912220078dcebb\" data-token-time=\"1776411144\"><noscript class=\"wpforms-error-noscript\">Bitte aktiviere JavaScript in deinem Browser, um dieses Formular fertigzustellen.<\/noscript><div class=\"wpforms-field-container\"><div id=\"wpforms-31-field_0-container\" class=\"wpforms-field wpforms-field-name\" data-field-id=\"0\"><label class=\"wpforms-field-label\">Name <span class=\"wpforms-required-label\">*<\/span><\/label><div class=\"wpforms-field-row wpforms-field-medium\"><div class=\"wpforms-field-row-block wpforms-first wpforms-one-half\"><input type=\"text\" id=\"wpforms-31-field_0\" class=\"wpforms-field-name-first wpforms-field-required\" name=\"wpforms[fields][0][first]\" required><label for=\"wpforms-31-field_0\" class=\"wpforms-field-sublabel after\">Vorname<\/label><\/div><div class=\"wpforms-field-row-block wpforms-one-half\"><input type=\"text\" id=\"wpforms-31-field_0-last\" class=\"wpforms-field-name-last wpforms-field-required\" name=\"wpforms[fields][0][last]\" required><label for=\"wpforms-31-field_0-last\" class=\"wpforms-field-sublabel after\">Nachname<\/label><\/div><\/div><\/div><div id=\"wpforms-31-field_1-container\" class=\"wpforms-field wpforms-field-email\" data-field-id=\"1\"><label class=\"wpforms-field-label\" for=\"wpforms-31-field_1\">E-Mail <span class=\"wpforms-required-label\">*<\/span><\/label><input type=\"email\" id=\"wpforms-31-field_1\" class=\"wpforms-field-medium wpforms-field-required\" name=\"wpforms[fields][1]\" spellcheck=\"false\" required><\/div><div id=\"wpforms-31-field_2-container\" class=\"wpforms-field wpforms-field-textarea\" data-field-id=\"2\"><label class=\"wpforms-field-label\" for=\"wpforms-31-field_2\">Kommentar oder Nachricht <span class=\"wpforms-required-label\">*<\/span><\/label><textarea id=\"wpforms-31-field_2\" class=\"wpforms-field-medium wpforms-field-required\" name=\"wpforms[fields][2]\" required><\/textarea><\/div><\/div><!-- .wpforms-field-container --><div class=\"wpforms-submit-container\" ><input type=\"hidden\" name=\"wpforms[id]\" value=\"31\"><input type=\"hidden\" name=\"page_title\" value=\"\"><input type=\"hidden\" name=\"page_url\" value=\"https:\/\/andrinafrutiger.ch\/index.php\/wp-json\/wp\/v2\/pages\/29\"><input type=\"hidden\" name=\"url_referer\" value=\"\"><button type=\"submit\" name=\"wpforms[submit]\" id=\"wpforms-submit-31\" class=\"wpforms-submit\" data-alt-text=\"Senden...\" data-submit-text=\"Absenden\" aria-live=\"assertive\" value=\"wpforms-submit\">Absenden<\/button><\/div><\/form><\/div>  <!-- .wpforms-container -->\n\n\n<p><\/p>\n","protected":false},"excerpt":{"rendered":"<p>Andrina FrutigerAufgewachsen und wohnhaft auf dem B\u00f6deli.Die Ausbildung als Fachfrau Gesundheit bot mir nach der obligatorischen Schule eine lehrreiche Grundausbildung. Nach der Berufsmaturit\u00e4t sowie zahlreichen Jobs im Outdoor-Bereich entschied ich mich f\u00fcr die Ausbildung zur medizinischen Masseurin.Im 2023 konnte ich die Ausbildung zur medizinschen Masseurin mit eidgen\u00f6ssischem Fachausweis abschliessen.\u00a0Nebst meiner T\u00e4tigkeit in der Praxis bin&hellip; <a class=\"more-link\" href=\"https:\/\/andrinafrutiger.ch\/index.php\/kontakt\/\"><span class=\"screen-reader-text\">Kontakt<\/span> weiterlesen<\/a><\/p>\n","protected":false},"author":1,"featured_media":0,"parent":0,"menu_order":0,"comment_status":"closed","ping_status":"closed","template":"","meta":{"footnotes":""},"yoast_head":"<!-- This site is optimized with the Yoast SEO plugin v21.5 - https:\/\/yoast.com\/wordpress\/plugins\/seo\/ -->\n<title>Kontakt - Medizinische Massage, Interlaken. Andrina Frutiger<\/title>\n<meta name=\"description\" content=\"Medizinische Massage in Interlaken. Sportmassage, Triggerpunkt Behandlung, Manuelle Lymphdrainage, Klassische R\u00fcckenmassage, Nackenmassage, Massagepraxis.\" \/>\n<meta name=\"robots\" content=\"index, follow, max-snippet:-1, max-image-preview:large, max-video-preview:-1\" \/>\n<link rel=\"canonical\" href=\"https:\/\/andrinafrutiger.ch\/index.php\/kontakt\/\" \/>\n<meta property=\"og:locale\" content=\"de_DE\" \/>\n<meta property=\"og:type\" content=\"article\" \/>\n<meta property=\"og:title\" content=\"Kontakt - Medizinische Massage, Interlaken. Andrina Frutiger\" \/>\n<meta property=\"og:description\" content=\"Medizinische Massage in Interlaken. Sportmassage, Triggerpunkt Behandlung, Manuelle Lymphdrainage, Klassische R\u00fcckenmassage, Nackenmassage, Massagepraxis.\" \/>\n<meta property=\"og:url\" content=\"https:\/\/andrinafrutiger.ch\/index.php\/kontakt\/\" \/>\n<meta property=\"og:site_name\" content=\"Medizinische Massage\" \/>\n<meta property=\"article:modified_time\" content=\"2023-11-10T10:03:43+00:00\" \/>\n<meta property=\"og:image\" content=\"https:\/\/andrinafrutiger.ch\/wp-content\/uploads\/2021\/02\/20210116-MAMO-Photography-0184-2500px-2.jpg\" \/>\n<meta name=\"twitter:card\" content=\"summary_large_image\" \/>\n<meta name=\"twitter:label1\" content=\"Gesch\u00e4tzte Lesezeit\" \/>\n\t<meta name=\"twitter:data1\" content=\"1\u00a0Minute\" \/>\n<script type=\"application\/ld+json\" class=\"yoast-schema-graph\">{\"@context\":\"https:\/\/schema.org\",\"@graph\":[{\"@type\":\"WebPage\",\"@id\":\"https:\/\/andrinafrutiger.ch\/index.php\/kontakt\/\",\"url\":\"https:\/\/andrinafrutiger.ch\/index.php\/kontakt\/\",\"name\":\"Kontakt - Medizinische Massage, Interlaken. Andrina Frutiger\",\"isPartOf\":{\"@id\":\"https:\/\/andrinafrutiger.ch\/#website\"},\"datePublished\":\"2021-02-04T13:34:01+00:00\",\"dateModified\":\"2023-11-10T10:03:43+00:00\",\"description\":\"Medizinische Massage in Interlaken. Sportmassage, Triggerpunkt Behandlung, Manuelle Lymphdrainage, Klassische R\u00fcckenmassage, Nackenmassage, Massagepraxis.\",\"breadcrumb\":{\"@id\":\"https:\/\/andrinafrutiger.ch\/index.php\/kontakt\/#breadcrumb\"},\"inLanguage\":\"de\",\"potentialAction\":[{\"@type\":\"ReadAction\",\"target\":[\"https:\/\/andrinafrutiger.ch\/index.php\/kontakt\/\"]}]},{\"@type\":\"BreadcrumbList\",\"@id\":\"https:\/\/andrinafrutiger.ch\/index.php\/kontakt\/#breadcrumb\",\"itemListElement\":[{\"@type\":\"ListItem\",\"position\":1,\"name\":\"Home\",\"item\":\"https:\/\/andrinafrutiger.ch\/\"},{\"@type\":\"ListItem\",\"position\":2,\"name\":\"Kontakt\"}]},{\"@type\":\"WebSite\",\"@id\":\"https:\/\/andrinafrutiger.ch\/#website\",\"url\":\"https:\/\/andrinafrutiger.ch\/\",\"name\":\"Medizinische Massage\",\"description\":\"Andrina Frutiger\",\"potentialAction\":[{\"@type\":\"SearchAction\",\"target\":{\"@type\":\"EntryPoint\",\"urlTemplate\":\"https:\/\/andrinafrutiger.ch\/?s={search_term_string}\"},\"query-input\":\"required name=search_term_string\"}],\"inLanguage\":\"de\"}]}<\/script>\n<!-- \/ Yoast SEO plugin. -->","yoast_head_json":{"title":"Kontakt - Medizinische Massage, Interlaken. Andrina Frutiger","description":"Medizinische Massage in Interlaken. Sportmassage, Triggerpunkt Behandlung, Manuelle Lymphdrainage, Klassische R\u00fcckenmassage, Nackenmassage, Massagepraxis.","robots":{"index":"index","follow":"follow","max-snippet":"max-snippet:-1","max-image-preview":"max-image-preview:large","max-video-preview":"max-video-preview:-1"},"canonical":"https:\/\/andrinafrutiger.ch\/index.php\/kontakt\/","og_locale":"de_DE","og_type":"article","og_title":"Kontakt - Medizinische Massage, Interlaken. Andrina Frutiger","og_description":"Medizinische Massage in Interlaken. Sportmassage, Triggerpunkt Behandlung, Manuelle Lymphdrainage, Klassische R\u00fcckenmassage, Nackenmassage, Massagepraxis.","og_url":"https:\/\/andrinafrutiger.ch\/index.php\/kontakt\/","og_site_name":"Medizinische Massage","article_modified_time":"2023-11-10T10:03:43+00:00","og_image":[{"url":"https:\/\/andrinafrutiger.ch\/wp-content\/uploads\/2021\/02\/20210116-MAMO-Photography-0184-2500px-2.jpg"}],"twitter_card":"summary_large_image","twitter_misc":{"Gesch\u00e4tzte Lesezeit":"1\u00a0Minute"},"schema":{"@context":"https:\/\/schema.org","@graph":[{"@type":"WebPage","@id":"https:\/\/andrinafrutiger.ch\/index.php\/kontakt\/","url":"https:\/\/andrinafrutiger.ch\/index.php\/kontakt\/","name":"Kontakt - Medizinische Massage, Interlaken. Andrina Frutiger","isPartOf":{"@id":"https:\/\/andrinafrutiger.ch\/#website"},"datePublished":"2021-02-04T13:34:01+00:00","dateModified":"2023-11-10T10:03:43+00:00","description":"Medizinische Massage in Interlaken. Sportmassage, Triggerpunkt Behandlung, Manuelle Lymphdrainage, Klassische R\u00fcckenmassage, Nackenmassage, Massagepraxis.","breadcrumb":{"@id":"https:\/\/andrinafrutiger.ch\/index.php\/kontakt\/#breadcrumb"},"inLanguage":"de","potentialAction":[{"@type":"ReadAction","target":["https:\/\/andrinafrutiger.ch\/index.php\/kontakt\/"]}]},{"@type":"BreadcrumbList","@id":"https:\/\/andrinafrutiger.ch\/index.php\/kontakt\/#breadcrumb","itemListElement":[{"@type":"ListItem","position":1,"name":"Home","item":"https:\/\/andrinafrutiger.ch\/"},{"@type":"ListItem","position":2,"name":"Kontakt"}]},{"@type":"WebSite","@id":"https:\/\/andrinafrutiger.ch\/#website","url":"https:\/\/andrinafrutiger.ch\/","name":"Medizinische Massage","description":"Andrina Frutiger","potentialAction":[{"@type":"SearchAction","target":{"@type":"EntryPoint","urlTemplate":"https:\/\/andrinafrutiger.ch\/?s={search_term_string}"},"query-input":"required name=search_term_string"}],"inLanguage":"de"}]}},"_links":{"self":[{"href":"https:\/\/andrinafrutiger.ch\/index.php\/wp-json\/wp\/v2\/pages\/29"}],"collection":[{"href":"https:\/\/andrinafrutiger.ch\/index.php\/wp-json\/wp\/v2\/pages"}],"about":[{"href":"https:\/\/andrinafrutiger.ch\/index.php\/wp-json\/wp\/v2\/types\/page"}],"author":[{"embeddable":true,"href":"https:\/\/andrinafrutiger.ch\/index.php\/wp-json\/wp\/v2\/users\/1"}],"replies":[{"embeddable":true,"href":"https:\/\/andrinafrutiger.ch\/index.php\/wp-json\/wp\/v2\/comments?post=29"}],"version-history":[{"count":18,"href":"https:\/\/andrinafrutiger.ch\/index.php\/wp-json\/wp\/v2\/pages\/29\/revisions"}],"predecessor-version":[{"id":168,"href":"https:\/\/andrinafrutiger.ch\/index.php\/wp-json\/wp\/v2\/pages\/29\/revisions\/168"}],"wp:attachment":[{"href":"https:\/\/andrinafrutiger.ch\/index.php\/wp-json\/wp\/v2\/media?parent=29"}],"curies":[{"name":"wp","href":"https:\/\/api.w.org\/{rel}","templated":true}]}}